{"id":1274,"date":"2025-02-15T22:13:28","date_gmt":"2025-02-15T21:13:28","guid":{"rendered":"https:\/\/strona.przewodnicy.krakow.pl\/?page_id=1274"},"modified":"2025-02-15T23:08:45","modified_gmt":"2025-02-15T22:08:45","slug":"projekty-edukacyjne","status":"publish","type":"page","link":"https:\/\/strona.przewodnicy.krakow.pl\/?page_id=1274","title":{"rendered":"Projekty edukacyjne1"},"content":{"rendered":"<style>.kb-row-layout-id1274_60474e-a8 > .kt-row-column-wrap{align-content:start;}:where(.kb-row-layout-id1274_60474e-a8 > .kt-row-column-wrap) > .wp-block-kadence-column{justify-content:start;}.kb-row-layout-id1274_60474e-a8 > .kt-row-column-wrap{column-gap:var(--global-kb-gap-md, 2rem);row-gap:var(--global-kb-gap-md, 2rem);max-width:700px;margin-left:auto;margin-right:auto;padding-top:var(--global-kb-spacing-5xl, 10rem);padding-bottom:var(--global-kb-spacing-xxl, 5rem);grid-template-columns:minmax(0, 1fr);}.kb-row-layout-id1274_60474e-a8{background-image:url('https:\/\/strona.przewodnicy.krakow.pl\/wp-content\/uploads\/2025\/01\/zamek.jpg');background-size:cover;background-position:62% 25%;background-attachment:scroll;background-repeat:no-repeat;}.kb-row-layout-id1274_60474e-a8 > .kt-row-layout-overlay{opacity:0.60;background-color:var(--global-palette3, #1A202C);mix-blend-mode:normal;}@media all and (max-width: 1024px){.kb-row-layout-id1274_60474e-a8 > .kt-row-column-wrap{grid-template-columns:minmax(0, 1fr);}}@media all and (max-width: 767px){.kb-row-layout-id1274_60474e-a8 > .kt-row-column-wrap{grid-template-columns:minmax(0, 1fr);}}<\/style><div class=\"kb-row-layout-wrap kb-row-layout-id1274_60474e-a8 alignnone kt-row-has-bg wp-block-kadence-rowlayout\"><div class=\"kt-row-layout-overlay kt-row-overlay-normal\"><\/div><div class=\"kt-row-column-wrap kt-has-1-columns kt-row-layout-equal kt-tab-layout-inherit kt-mobile-layout-row kt-row-valign-top\">\n<style>.kadence-column1274_463cd1-54 > .kt-inside-inner-col,.kadence-column1274_463cd1-54 > .kt-inside-inner-col:before{border-top-left-radius:0px;border-top-right-radius:0px;border-bottom-right-radius:0px;border-bottom-left-radius:0px;}.kadence-column1274_463cd1-54 > .kt-inside-inner-col{column-gap:var(--global-kb-gap-sm, 1rem);}.kadence-column1274_463cd1-54 > .kt-inside-inner-col{flex-direction:column;}.kadence-column1274_463cd1-54 > .kt-inside-inner-col > .aligncenter{width:100%;}.kadence-column1274_463cd1-54 > .kt-inside-inner-col:before{opacity:0.3;}.kadence-column1274_463cd1-54{position:relative;}@media all and (max-width: 1024px){.kadence-column1274_463cd1-54 > .kt-inside-inner-col{flex-direction:column;}}@media all and (max-width: 767px){.kadence-column1274_463cd1-54 > .kt-inside-inner-col{flex-direction:column;}}<\/style>\n<div class=\"wp-block-kadence-column kadence-column1274_463cd1-54\"><div class=\"kt-inside-inner-col\"><style>.wp-block-kadence-advancedheading.kt-adv-heading1274_01c356-95, .wp-block-kadence-advancedheading.kt-adv-heading1274_01c356-95[data-kb-block=\"kb-adv-heading1274_01c356-95\"]{text-align:center;font-style:normal;}.wp-block-kadence-advancedheading.kt-adv-heading1274_01c356-95 mark.kt-highlight, .wp-block-kadence-advancedheading.kt-adv-heading1274_01c356-95[data-kb-block=\"kb-adv-heading1274_01c356-95\"] mark.kt-highlight{font-style:normal;color:#f76a0c;-webkit-box-decoration-break:clone;box-decoration-break:clone;padding-top:0px;padding-right:0px;padding-bottom:0px;padding-left:0px;}<\/style>\n<h2 class=\"kt-adv-heading1274_01c356-95 wp-block-kadence-advancedheading has-theme-palette-9-color has-text-color\" data-kb-block=\"kb-adv-heading1274_01c356-95\"><strong>ODKRYJ Z NAMI <\/strong><br><strong>SWOJE MIASTO<\/strong><\/h2>\n\n\n<style>.wp-block-kadence-advancedheading.kt-adv-heading1274_e6053b-e3, .wp-block-kadence-advancedheading.kt-adv-heading1274_e6053b-e3[data-kb-block=\"kb-adv-heading1274_e6053b-e3\"]{text-align:center;font-style:normal;}.wp-block-kadence-advancedheading.kt-adv-heading1274_e6053b-e3 mark.kt-highlight, .wp-block-kadence-advancedheading.kt-adv-heading1274_e6053b-e3[data-kb-block=\"kb-adv-heading1274_e6053b-e3\"] mark.kt-highlight{font-style:normal;color:#f76a0c;-webkit-box-decoration-break:clone;box-decoration-break:clone;padding-top:0px;padding-right:0px;padding-bottom:0px;padding-left:0px;}<\/style>\n<p class=\"kt-adv-heading1274_e6053b-e3 wp-block-kadence-advancedheading has-theme-palette-9-color has-text-color\" data-kb-block=\"kb-adv-heading1274_e6053b-e3\">Spaceruj\u0105c z nami poznasz Krak\u00f3w ze wszystkimi jego tajemnicami &#8211; dla naszych mieszka\u0144c\u00f3w tych du\u017cych i ma\u0142ych<\/p>\n<\/div><\/div>\n\n<\/div><\/div>\n\n<style>.kadence-column1274_de62af-c3 > .kt-inside-inner-col{padding-right:0px;padding-left:0px;}.kadence-column1274_de62af-c3 > .kt-inside-inner-col,.kadence-column1274_de62af-c3 > .kt-inside-inner-col:before{border-top-left-radius:0px;border-top-right-radius:0px;border-bottom-right-radius:0px;border-bottom-left-radius:0px;}.kadence-column1274_de62af-c3 > .kt-inside-inner-col{column-gap:var(--global-kb-gap-sm, 1rem);}.kadence-column1274_de62af-c3 > .kt-inside-inner-col{flex-direction:column;}.kadence-column1274_de62af-c3 > .kt-inside-inner-col > .aligncenter{width:100%;}.kadence-column1274_de62af-c3 > .kt-inside-inner-col:before{opacity:0.3;}.kadence-column1274_de62af-c3{position:relative;}@media all and (max-width: 1024px){.kadence-column1274_de62af-c3 > .kt-inside-inner-col{flex-direction:column;}}@media all and (max-width: 767px){.kadence-column1274_de62af-c3 > .kt-inside-inner-col{flex-direction:column;}}<\/style>\n<div class=\"wp-block-kadence-column kadence-column1274_de62af-c3 inner-column-1\"><div class=\"kt-inside-inner-col\"><\/div><\/div>\n\n\n\n<p><\/p>\n","protected":false},"excerpt":{"rendered":"<p>ODKRYJ Z NAMI SWOJE MIASTO Spaceruj\u0105c z nami poznasz Krak\u00f3w ze wszystkimi jego tajemnicami &#8211; dla naszych mieszka\u0144c\u00f3w tych du\u017cych i ma\u0142ych<\/p>\n","protected":false},"author":1,"featured_media":0,"parent":0,"menu_order":0,"comment_status":"closed","ping_status":"closed","template":"","meta":{"inline_featured_image":false,"_EventAllDay":false,"_EventTimezone":"","_EventStartDate":"","_EventEndDate":"","_EventStartDateUTC":"","_EventEndDateUTC":"","_EventShowMap":false,"_EventShowMapLink":false,"_EventURL":"","_EventCost":"","_EventCostDescription":"","_EventCurrencySymbol":"","_EventCurrencyCode":"","_EventCurrencyPosition":"","_EventDateTimeSeparator":"","_EventTimeRangeSeparator":"","_EventOrganizerID":[],"_EventVenueID":[],"_OrganizerEmail":"","_OrganizerPhone":"","_OrganizerWebsite":"","_VenueAddress":"","_VenueCity":"","_VenueCountry":"","_VenueProvince":"","_VenueState":"","_VenueZip":"","_VenuePhone":"","_VenueURL":"","_VenueStateProvince":"","_VenueLat":"","_VenueLng":"","_VenueShowMap":false,"_VenueShowMapLink":false,"_kadence_starter_templates_imported_post":true,"_kad_post_transparent":"","_kad_post_title":"","_kad_post_layout":"","_kad_post_sidebar_id":"","_kad_post_content_style":"","_kad_post_vertical_padding":"","_kad_post_feature":"","_kad_post_feature_position":"","_kad_post_header":false,"_kad_post_footer":false,"footnotes":""},"class_list":["post-1274","page","type-page","status-publish","hentry"],"_links":{"self":[{"href":"https:\/\/strona.przewodnicy.krakow.pl\/index.php?rest_route=\/wp\/v2\/pages\/1274","targetHints":{"allow":["GET"]}}],"collection":[{"href":"https:\/\/strona.przewodnicy.krakow.pl\/index.php?rest_route=\/wp\/v2\/pages"}],"about":[{"href":"https:\/\/strona.przewodnicy.krakow.pl\/index.php?rest_route=\/wp\/v2\/types\/page"}],"author":[{"embeddable":true,"href":"https:\/\/strona.przewodnicy.krakow.pl\/index.php?rest_route=\/wp\/v2\/users\/1"}],"replies":[{"embeddable":true,"href":"https:\/\/strona.przewodnicy.krakow.pl\/index.php?rest_route=%2Fwp%2Fv2%2Fcomments&post=1274"}],"version-history":[{"count":5,"href":"https:\/\/strona.przewodnicy.krakow.pl\/index.php?rest_route=\/wp\/v2\/pages\/1274\/revisions"}],"predecessor-version":[{"id":1307,"href":"https:\/\/strona.przewodnicy.krakow.pl\/index.php?rest_route=\/wp\/v2\/pages\/1274\/revisions\/1307"}],"wp:attachment":[{"href":"https:\/\/strona.przewodnicy.krakow.pl\/index.php?rest_route=%2Fwp%2Fv2%2Fmedia&parent=1274"}],"curies":[{"name":"wp","href":"https:\/\/api.w.org\/{rel}","templated":true}]}}