{"id":1231,"date":"2025-01-16T12:46:45","date_gmt":"2025-01-16T11:46:45","guid":{"rendered":"https:\/\/strona.przewodnicy.krakow.pl\/?page_id=1231"},"modified":"2025-01-16T12:48:27","modified_gmt":"2025-01-16T11:48:27","slug":"badz-turysta-w-swoim-miescie","status":"publish","type":"page","link":"https:\/\/strona.przewodnicy.krakow.pl\/?page_id=1231","title":{"rendered":"B\u0105d\u017a turysta w swoim mie\u015bcie"},"content":{"rendered":"<style>.kb-row-layout-id1231_78a246-1a > .kt-row-column-wrap{align-content:start;}:where(.kb-row-layout-id1231_78a246-1a > .kt-row-column-wrap) > .wp-block-kadence-column{justify-content:start;}.kb-row-layout-id1231_78a246-1a > .kt-row-column-wrap{column-gap:var(--global-kb-gap-md, 2rem);row-gap:var(--global-kb-gap-md, 2rem);max-width:700px;margin-left:auto;margin-right:auto;padding-top:var(--global-kb-spacing-5xl, 10rem);padding-bottom:var(--global-kb-spacing-xxl, 5rem);grid-template-columns:minmax(0, 1fr);}.kb-row-layout-id1231_78a246-1a{background-image:url('https:\/\/strona.przewodnicy.krakow.pl\/wp-content\/uploads\/2025\/01\/zamek.jpg');background-size:cover;background-position:62% 25%;background-attachment:scroll;background-repeat:no-repeat;}.kb-row-layout-id1231_78a246-1a > .kt-row-layout-overlay{opacity:0.60;background-color:var(--global-palette3, #1A202C);mix-blend-mode:normal;}@media all and (max-width: 1024px){.kb-row-layout-id1231_78a246-1a > .kt-row-column-wrap{grid-template-columns:minmax(0, 1fr);}}@media all and (max-width: 767px){.kb-row-layout-id1231_78a246-1a > .kt-row-column-wrap{grid-template-columns:minmax(0, 1fr);}}<\/style><div class=\"kb-row-layout-wrap kb-row-layout-id1231_78a246-1a alignnone kt-row-has-bg wp-block-kadence-rowlayout\"><div class=\"kt-row-layout-overlay kt-row-overlay-normal\"><\/div><div class=\"kt-row-column-wrap kt-has-1-columns kt-row-layout-equal kt-tab-layout-inherit kt-mobile-layout-row kt-row-valign-top\">\n<style>.kadence-column1231_cb7763-de > .kt-inside-inner-col,.kadence-column1231_cb7763-de > .kt-inside-inner-col:before{border-top-left-radius:0px;border-top-right-radius:0px;border-bottom-right-radius:0px;border-bottom-left-radius:0px;}.kadence-column1231_cb7763-de > .kt-inside-inner-col{column-gap:var(--global-kb-gap-sm, 1rem);}.kadence-column1231_cb7763-de > .kt-inside-inner-col{flex-direction:column;}.kadence-column1231_cb7763-de > .kt-inside-inner-col > .aligncenter{width:100%;}.kadence-column1231_cb7763-de > .kt-inside-inner-col:before{opacity:0.3;}.kadence-column1231_cb7763-de{position:relative;}@media all and (max-width: 1024px){.kadence-column1231_cb7763-de > .kt-inside-inner-col{flex-direction:column;}}@media all and (max-width: 767px){.kadence-column1231_cb7763-de > .kt-inside-inner-col{flex-direction:column;}}<\/style>\n<div class=\"wp-block-kadence-column kadence-column1231_cb7763-de\"><div class=\"kt-inside-inner-col\"><style>.wp-block-kadence-advancedheading.kt-adv-heading1231_e01280-c3, .wp-block-kadence-advancedheading.kt-adv-heading1231_e01280-c3[data-kb-block=\"kb-adv-heading1231_e01280-c3\"]{text-align:center;font-style:normal;}.wp-block-kadence-advancedheading.kt-adv-heading1231_e01280-c3 mark.kt-highlight, .wp-block-kadence-advancedheading.kt-adv-heading1231_e01280-c3[data-kb-block=\"kb-adv-heading1231_e01280-c3\"] mark.kt-highlight{font-style:normal;color:#f76a0c;-webkit-box-decoration-break:clone;box-decoration-break:clone;padding-top:0px;padding-right:0px;padding-bottom:0px;padding-left:0px;}<\/style>\n<h2 class=\"kt-adv-heading1231_e01280-c3 wp-block-kadence-advancedheading has-theme-palette-9-color has-text-color\" data-kb-block=\"kb-adv-heading1231_e01280-c3\"><strong>B\u0105d\u017a turysta w swoim mie\u015bcie<\/strong><\/h2>\n\n\n<style>.wp-block-kadence-advancedheading.kt-adv-heading1231_d7bb57-68, .wp-block-kadence-advancedheading.kt-adv-heading1231_d7bb57-68[data-kb-block=\"kb-adv-heading1231_d7bb57-68\"]{text-align:center;font-style:normal;}.wp-block-kadence-advancedheading.kt-adv-heading1231_d7bb57-68 mark.kt-highlight, .wp-block-kadence-advancedheading.kt-adv-heading1231_d7bb57-68[data-kb-block=\"kb-adv-heading1231_d7bb57-68\"] mark.kt-highlight{font-style:normal;color:#f76a0c;-webkit-box-decoration-break:clone;box-decoration-break:clone;padding-top:0px;padding-right:0px;padding-bottom:0px;padding-left:0px;}<\/style>\n<p class=\"kt-adv-heading1231_d7bb57-68 wp-block-kadence-advancedheading has-theme-palette-9-color has-text-color\" data-kb-block=\"kb-adv-heading1231_d7bb57-68\">Lorem ipsum dolor sit amet, consectetur adipiscing elit. Ut<br>elit tellus, luctus nec ullamcorper mattis, pulvinar dapibus leo.<\/p>\n<\/div><\/div>\n\n<\/div><\/div>\n\n<style>.kb-row-layout-id1231_958a18-32 > .kt-row-column-wrap{align-content:center;}:where(.kb-row-layout-id1231_958a18-32 > .kt-row-column-wrap) > .wp-block-kadence-column{justify-content:center;}.kb-row-layout-id1231_958a18-32 > .kt-row-column-wrap{column-gap:var(--global-kb-gap-md, 2rem);row-gap:var(--global-kb-gap-md, 2rem);padding-top:var(--global-kb-spacing-sm, 1.5rem);padding-bottom:var(--global-kb-spacing-xs, 1rem);grid-template-columns:repeat(2, minmax(0, 1fr));}.kb-row-layout-id1231_958a18-32 > .kt-row-layout-overlay{opacity:0.30;}@media all and (max-width: 1024px){.kb-row-layout-id1231_958a18-32 > .kt-row-column-wrap{padding-top:var(--global-kb-spacing-sm, 1.5rem);grid-template-columns:minmax(0, 1fr);}}@media all and (max-width: 767px){.kb-row-layout-id1231_958a18-32 > .kt-row-column-wrap{grid-template-columns:minmax(0, 1fr);}}<\/style><div class=\"kb-row-layout-wrap kb-row-layout-id1231_958a18-32 alignnone wp-block-kadence-rowlayout\"><div class=\"kt-row-column-wrap kt-has-2-columns kt-row-layout-equal kt-tab-layout-row kt-mobile-layout-row kt-row-valign-middle\">\n<style>.kadence-column1231_45ab8d-e0 > .kt-inside-inner-col,.kadence-column1231_45ab8d-e0 > .kt-inside-inner-col:before{border-top-left-radius:0px;border-top-right-radius:0px;border-bottom-right-radius:0px;border-bottom-left-radius:0px;}.kadence-column1231_45ab8d-e0 > .kt-inside-inner-col{column-gap:var(--global-kb-gap-sm, 1rem);}.kadence-column1231_45ab8d-e0 > .kt-inside-inner-col{flex-direction:column;}.kadence-column1231_45ab8d-e0 > .kt-inside-inner-col > .aligncenter{width:100%;}.kadence-column1231_45ab8d-e0 > .kt-inside-inner-col:before{opacity:0.3;}.kadence-column1231_45ab8d-e0{position:relative;}@media all and (max-width: 1024px){.kadence-column1231_45ab8d-e0 > .kt-inside-inner-col{flex-direction:column;}}@media all and (max-width: 767px){.kadence-column1231_45ab8d-e0 > .kt-inside-inner-col{flex-direction:column;}}<\/style>\n<div class=\"wp-block-kadence-column kadence-column1231_45ab8d-e0\"><div class=\"kt-inside-inner-col\"><style>.kb-image1231_cdeda8-44 .kb-image-has-overlay:after{opacity:0.3;border-top-left-radius:10px;border-top-right-radius:10px;border-bottom-right-radius:10px;border-bottom-left-radius:10px;}.kb-image1231_cdeda8-44 img.kb-img, .kb-image1231_cdeda8-44 .kb-img img{border-top-left-radius:10px;border-top-right-radius:10px;border-bottom-right-radius:10px;border-bottom-left-radius:10px;}<\/style>\n<figure class=\"wp-block-kadence-image kb-image1231_cdeda8-44 size-large kb-image-is-ratio-size\"><div class=\"kb-is-ratio-image kb-image-ratio-port34\"><img loading=\"lazy\" decoding=\"async\" width=\"768\" height=\"1024\" src=\"https:\/\/strona.przewodnicy.krakow.pl\/wp-content\/uploads\/2025\/01\/img_4162a-768x1024.jpg\" alt=\"\" class=\"kb-img wp-image-1223\" srcset=\"https:\/\/strona.przewodnicy.krakow.pl\/wp-content\/uploads\/2025\/01\/img_4162a-768x1024.jpg 768w, https:\/\/strona.przewodnicy.krakow.pl\/wp-content\/uploads\/2025\/01\/img_4162a-225x300.jpg 225w, https:\/\/strona.przewodnicy.krakow.pl\/wp-content\/uploads\/2025\/01\/img_4162a-1152x1536.jpg 1152w, https:\/\/strona.przewodnicy.krakow.pl\/wp-content\/uploads\/2025\/01\/img_4162a-1535x2048.jpg 1535w, https:\/\/strona.przewodnicy.krakow.pl\/wp-content\/uploads\/2025\/01\/img_4162a.jpg 1920w\" sizes=\"auto, (max-width: 768px) 100vw, 768px\" \/><\/div><\/figure>\n<\/div><\/div>\n\n\n<style>.kadence-column1231_7f27c4-7b > .kt-inside-inner-col,.kadence-column1231_7f27c4-7b > .kt-inside-inner-col:before{border-top-left-radius:0px;border-top-right-radius:0px;border-bottom-right-radius:0px;border-bottom-left-radius:0px;}.kadence-column1231_7f27c4-7b > .kt-inside-inner-col{column-gap:var(--global-kb-gap-sm, 1rem);}.kadence-column1231_7f27c4-7b > .kt-inside-inner-col{flex-direction:column;}.kadence-column1231_7f27c4-7b > .kt-inside-inner-col > .aligncenter{width:100%;}.kadence-column1231_7f27c4-7b > .kt-inside-inner-col:before{opacity:0.3;}.kadence-column1231_7f27c4-7b{position:relative;}@media all and (max-width: 1024px){.kadence-column1231_7f27c4-7b > .kt-inside-inner-col{flex-direction:column;}}@media all and (max-width: 767px){.kadence-column1231_7f27c4-7b > .kt-inside-inner-col{flex-direction:column;}}<\/style>\n<div class=\"wp-block-kadence-column kadence-column1231_7f27c4-7b\"><div class=\"kt-inside-inner-col\"><style>.wp-block-kadence-advancedheading.kt-adv-heading1231_f799b8-15, .wp-block-kadence-advancedheading.kt-adv-heading1231_f799b8-15[data-kb-block=\"kb-adv-heading1231_f799b8-15\"]{font-style:normal;}.wp-block-kadence-advancedheading.kt-adv-heading1231_f799b8-15 mark.kt-highlight, .wp-block-kadence-advancedheading.kt-adv-heading1231_f799b8-15[data-kb-block=\"kb-adv-heading1231_f799b8-15\"] mark.kt-highlight{font-style:normal;color:#f76a0c;-webkit-box-decoration-break:clone;box-decoration-break:clone;padding-top:0px;padding-right:0px;padding-bottom:0px;padding-left:0px;}<\/style>\n<h2 class=\"kt-adv-heading1231_f799b8-15 wp-block-kadence-advancedheading\" data-kb-block=\"kb-adv-heading1231_f799b8-15\"><strong>B\u0105d\u017a turysta w swoim mie\u015bcie<\/strong><\/h2>\n\n\n<style>.wp-block-kadence-advancedheading.kt-adv-heading1231_87d8fa-b5, .wp-block-kadence-advancedheading.kt-adv-heading1231_87d8fa-b5[data-kb-block=\"kb-adv-heading1231_87d8fa-b5\"]{font-style:normal;}.wp-block-kadence-advancedheading.kt-adv-heading1231_87d8fa-b5 mark.kt-highlight, .wp-block-kadence-advancedheading.kt-adv-heading1231_87d8fa-b5[data-kb-block=\"kb-adv-heading1231_87d8fa-b5\"] mark.kt-highlight{font-style:normal;color:#f76a0c;-webkit-box-decoration-break:clone;box-decoration-break:clone;padding-top:0px;padding-right:0px;padding-bottom:0px;padding-left:0px;}<\/style>\n<p class=\"kt-adv-heading1231_87d8fa-b5 wp-block-kadence-advancedheading\" data-kb-block=\"kb-adv-heading1231_87d8fa-b5\"><a href=\"http:\/\/przewodnicy.krakow.pl\/edukacja\/badz-turysta-w-swoim-miescie\/attachment\/img_4166\"><\/a><br>BEZP\u0141ATNE WYCIECZKI I PRELEKCJE<br><strong>Program skierowany do dzieci w wieku 5-12 lat z Samorz\u0105dowych Przedszkoli i Samorz\u0105dowych Szk\u00f3\u0142 Podstawowych w Krakowie.<\/strong><br>Projekt organizowany jest z inicjatywy Wydzia\u0142u ds. Turystyki Urz\u0119du Miasta Krakowa we wsp\u00f3\u0142pracy ze Stowarzyszeniem O\u015bwiatowym &#8222;Zamek Kr\u00f3lewski w Krakowie&#8221;.<br>W roku szkolnym 2020\/2021, pomimo trudnej sytuacji zwi\u0105zanej z pandemi\u0105 i okresowym zamykaniem szk\u00f3\u0142 i przedszkoli, uda\u0142o si\u0119 zrealizowa\u0107 dwie edycje programu.&nbsp; W zaj\u0119ciach uczestniczy\u0142o prawie 3000 dzieci z oko\u0142o 50 krakowskich szk\u00f3\u0142 i przedszkoli.&nbsp; M\u0142odzi Krakowianie dzi\u0119ki spacerom po mie\u015bcie i&nbsp;prelekcjom mieli szans\u0119 pozna\u0107&nbsp;Krak\u00f3w, odkry\u0107 jego sekrety, zag\u0142\u0119bi\u0107 si\u0119 w histori\u0119. Uczestnictwo&nbsp; w wycieczkach i mo\u017cliwo\u015b\u0107&nbsp; do\u015bwiadczenia miasta &#8222;na \u017cywo&#8221; by\u0142o szczeg\u00f3lnie istotne w tym trudnym roku edukacji zdalnej.<br>Opracowuj\u0105c tematy bazujemy na skryptach przygotowanych przez naszych przewodnik\u00f3w we wsp\u00f3\u0142pracy z nauczycielami metodykami.&nbsp;Ze skryptami mo\u017cna zapozna\u0107 si\u0119 na Portalu Edukacyjnym Urz\u0119du Miasta, link:&nbsp;<a href=\"https:\/\/portaledukacyjny.krakow.pl\/ogloszenia_dla_dyrektorow_szkol_samorzadowych\/242715,2152,komunikat,zaproszenie__do_korzystania_ze_skryptow__ktore_powstaly_w_ramach_projektow__krakow_nieodkryty_i__zwiedzajkrakow.html\">&#8222;B\u0105d\u017a turyst\u0105 w swoim mie\u015bcie &#8211; skrypty&#8221;<\/a><br>Zaj\u0119cia dostosowane s\u0105 do wieku uczestnik\u00f3w. Podczas prelekcji i wycieczek wykorzystujemy r\u00f3\u017cne metody edukacyjne oraz przygotowane przez naszych przewodnik\u00f3w rekwizyty i pomoce dydaktyczne.&nbsp; W spos\u00f3b interesuj\u0105cy przybli\u017camy dzieciom wybrane zagadnienia, w my\u015bl zasady &#8222;bawi\u0105c &#8211; uczy\u0107&#8221;.<br><strong>Mi\u0142o nam poinformowa\u0107, \u017ce projekt b\u0119dzie kontynuowany r\u00f3wnie\u017c w nadchodz\u0105cym roku szkolnym 2021\/2022.<\/strong>&nbsp;Serdecznie zapraszamy dyrektor\u00f3w, wychowawc\u00f3w, nauczycieli i pedagog\u00f3w z krakowskich Samorz\u0105dowych Szk\u00f3\u0142 Podstawowych i Przedszkoli&nbsp; do zapoznania si\u0119&nbsp; z nasz\u0105 ofert\u0105 edukacyjn\u0105.<br><br>INFORMACJE PRAKTYCZNE:<br>Czas trwania wycieczki: <strong>90 minut<\/strong><br>Czas trwania prelekcji: <strong>45 minut<\/strong><br>Wycieczki i prelekcje s\u0105 <strong>bezp\u0142atne<\/strong>.<br>Istnieje mo\u017cliwo\u015b\u0107 dodatkowego odp\u0142atnego wej\u015bcia do niekt\u00f3rych obiekt\u00f3w na trasie. Szczeg\u00f3\u0142y i ceny podane w opisach poszczeg\u00f3lnych tras.<br>Wszystkie zaj\u0119cia realizowane s\u0105 przez licencjonowanych przewodnik\u00f3w ze Stowarzyszenia O\u015bwiatowego, kt\u00f3rzy posiadaj\u0105 odpowiednie do\u015bwiadczenie i umiej\u0119tno\u015b\u0107 pracy z dzie\u0107mi.<br>Wycieczki i prelekcje mog\u0105 by\u0107 zrealizowane&nbsp;<strong>od wrze\u015bnia do listopada 2021.&nbsp;<\/strong>W przypadku wprowadzenia edukacji zdalnej przewidujemy r\u00f3wnie\u017c mo\u017cliwo\u015b\u0107 realizacji prelekcji w formie on-line.<br><strong>Zg\u0142oszenia i szczeg\u00f3\u0142owe informacje:<\/strong><br>tel.: 12 429 33 36 lub 531 733 531<br>e-mail:&nbsp;<a href=\"mailto: biuro@przewodnicy.krakow.pl\">biuro@przewodnicy.krakow.pl<\/a><\/p>\n\n\n\n<p><\/p>\n\n\n\n<p><\/p>\n\n\n\n<p><\/p>\n\n\n\n<p><\/p>\n\n\n\n<p><\/p>\n<\/div><\/div>\n\n<\/div><\/div>\n\n<style>.kadence-column1231_e6ca1e-86 > .kt-inside-inner-col{padding-right:0px;padding-left:0px;}.kadence-column1231_e6ca1e-86 > .kt-inside-inner-col,.kadence-column1231_e6ca1e-86 > .kt-inside-inner-col:before{border-top-left-radius:0px;border-top-right-radius:0px;border-bottom-right-radius:0px;border-bottom-left-radius:0px;}.kadence-column1231_e6ca1e-86 > .kt-inside-inner-col{column-gap:var(--global-kb-gap-sm, 1rem);}.kadence-column1231_e6ca1e-86 > .kt-inside-inner-col{flex-direction:column;}.kadence-column1231_e6ca1e-86 > .kt-inside-inner-col > .aligncenter{width:100%;}.kadence-column1231_e6ca1e-86 > .kt-inside-inner-col:before{opacity:0.3;}.kadence-column1231_e6ca1e-86{position:relative;}@media all and (max-width: 1024px){.kadence-column1231_e6ca1e-86 > .kt-inside-inner-col{flex-direction:column;}}@media all and (max-width: 767px){.kadence-column1231_e6ca1e-86 > .kt-inside-inner-col{flex-direction:column;}}<\/style>\n<div class=\"wp-block-kadence-column kadence-column1231_e6ca1e-86 inner-column-1\"><div class=\"kt-inside-inner-col\"><\/div><\/div>\n","protected":false},"excerpt":{"rendered":"<p>B\u0105d\u017a turysta w swoim mie\u015bcie Lorem ipsum dolor sit amet, consectetur adipiscing elit. Utelit tellus, luctus nec ullamcorper mattis, pulvinar dapibus leo. B\u0105d\u017a turysta w swoim mie\u015bcie BEZP\u0141ATNE WYCIECZKI I&#8230;<\/p>\n","protected":false},"author":1,"featured_media":0,"parent":0,"menu_order":0,"comment_status":"closed","ping_status":"closed","template":"","meta":{"inline_featured_image":false,"_EventAllDay":false,"_EventTimezone":"","_EventStartDate":"","_EventEndDate":"","_EventStartDateUTC":"","_EventEndDateUTC":"","_EventShowMap":false,"_EventShowMapLink":false,"_EventURL":"","_EventCost":"","_EventCostDescription":"","_EventCurrencySymbol":"","_EventCurrencyCode":"","_EventCurrencyPosition":"","_EventDateTimeSeparator":"","_EventTimeRangeSeparator":"","_EventOrganizerID":[],"_EventVenueID":[],"_OrganizerEmail":"","_OrganizerPhone":"","_OrganizerWebsite":"","_VenueAddress":"","_VenueCity":"","_VenueCountry":"","_VenueProvince":"","_VenueState":"","_VenueZip":"","_VenuePhone":"","_VenueURL":"","_VenueStateProvince":"","_VenueLat":"","_VenueLng":"","_VenueShowMap":false,"_VenueShowMapLink":false,"_kadence_starter_templates_imported_post":true,"_kad_post_transparent":"","_kad_post_title":"","_kad_post_layout":"","_kad_post_sidebar_id":"","_kad_post_content_style":"","_kad_post_vertical_padding":"","_kad_post_feature":"","_kad_post_feature_position":"","_kad_post_header":false,"_kad_post_footer":false,"footnotes":""},"class_list":["post-1231","page","type-page","status-publish","hentry"],"_links":{"self":[{"href":"https:\/\/strona.przewodnicy.krakow.pl\/index.php?rest_route=\/wp\/v2\/pages\/1231","targetHints":{"allow":["GET"]}}],"collection":[{"href":"https:\/\/strona.przewodnicy.krakow.pl\/index.php?rest_route=\/wp\/v2\/pages"}],"about":[{"href":"https:\/\/strona.przewodnicy.krakow.pl\/index.php?rest_route=\/wp\/v2\/types\/page"}],"author":[{"embeddable":true,"href":"https:\/\/strona.przewodnicy.krakow.pl\/index.php?rest_route=\/wp\/v2\/users\/1"}],"replies":[{"embeddable":true,"href":"https:\/\/strona.przewodnicy.krakow.pl\/index.php?rest_route=%2Fwp%2Fv2%2Fcomments&post=1231"}],"version-history":[{"count":2,"href":"https:\/\/strona.przewodnicy.krakow.pl\/index.php?rest_route=\/wp\/v2\/pages\/1231\/revisions"}],"predecessor-version":[{"id":1236,"href":"https:\/\/strona.przewodnicy.krakow.pl\/index.php?rest_route=\/wp\/v2\/pages\/1231\/revisions\/1236"}],"wp:attachment":[{"href":"https:\/\/strona.przewodnicy.krakow.pl\/index.php?rest_route=%2Fwp%2Fv2%2Fmedia&parent=1231"}],"curies":[{"name":"wp","href":"https:\/\/api.w.org\/{rel}","templated":true}]}}